{"id":31201,"date":"2026-03-09T10:22:53","date_gmt":"2026-03-09T09:22:53","guid":{"rendered":"https:\/\/it.andersen.com\/?page_id=31201"},"modified":"2026-04-15T18:06:58","modified_gmt":"2026-04-15T16:06:58","slug":"lino-de-vecchi","status":"publish","type":"page","link":"https:\/\/it.andersen.com\/en\/about-us\/history\/lino-de-vecchi\/","title":{"rendered":"Lino De Vecchi"},"content":{"rendered":"<p><img loading=\"lazy\" decoding=\"async\" class=\"alignnone size-medium wp-image-31197\" src=\"https:\/\/it.andersen.com\/wp-content\/uploads\/2026\/03\/Lino-De-Vecchi-300x300.jpg\" alt=\"\" width=\"300\" height=\"300\" srcset=\"https:\/\/it.andersen.com\/wp-content\/uploads\/2026\/03\/Lino-De-Vecchi-300x300.jpg 300w, https:\/\/it.andersen.com\/wp-content\/uploads\/2026\/03\/Lino-De-Vecchi.jpg 361w\" sizes=\"(max-width: 300px) 100vw, 300px\" \/><\/p>\n<p>Lino De Vecchi is an expert arbitrator, company crisis manager and a valuable assistant in the cases of bankruptcy and insolvency proceedings, receivership and company assessments.<\/p>\n<p>Lino was Chairman of the Association of Certified Accountants of Milan from 1992 to 1998 and a member of the National Council of Certified Accountants. Lino also served as the Chairman of the National Commission for Deontological Ethics. He was member of the Regional Tax Committee for Lombardy, the Board of Directors of the Italian Accounting Body (O.I.C.) and the Transparency Commission of the Ministry of Economics.<\/p>\n<p>Moreover, Lino had very active abroad, within the International Federation of Accountants (IFAC), as Chairman of the Ethics Advisory Group, Technical Advisor of the Council and Deputy Chair of the Small and Medium Practices Committee, as well as within the F\u00e9d\u00e9ration Europ\u00e9enne des Experts Comptables (FEE), and as Deputy Chair of the Council and Chairman of the Liberalisation and Qualification Working Group.<\/p>\n<p>Since 1961, he had been the Managing Partner at the professional firm established by his father in 1925.<\/p>\n<p>Lino had written numerous articles on company and legal topics.<\/p>\n","protected":false},"excerpt":{"rendered":"<p>Lino De Vecchi is an expert arbitrator, company crisis manager and a valuable assistant in the cases of bankruptcy and insolvency proceedings, receivership and company assessments. Lino was Chairman of the Association of Certified Accountants of Milan from 1992 to 1998 and a member of the National Council of Certified Accountants. Lino also served as [&hellip;]<\/p>\n","protected":false},"author":125,"featured_media":0,"parent":6064,"menu_order":0,"comment_status":"closed","ping_status":"closed","template":"","meta":{"footnotes":""},"_links":{"self":[{"href":"https:\/\/it.andersen.com\/en\/wp-json\/wp\/v2\/pages\/31201"}],"collection":[{"href":"https:\/\/it.andersen.com\/en\/wp-json\/wp\/v2\/pages"}],"about":[{"href":"https:\/\/it.andersen.com\/en\/wp-json\/wp\/v2\/types\/page"}],"author":[{"embeddable":true,"href":"https:\/\/it.andersen.com\/en\/wp-json\/wp\/v2\/users\/125"}],"replies":[{"embeddable":true,"href":"https:\/\/it.andersen.com\/en\/wp-json\/wp\/v2\/comments?post=31201"}],"version-history":[{"count":6,"href":"https:\/\/it.andersen.com\/en\/wp-json\/wp\/v2\/pages\/31201\/revisions"}],"predecessor-version":[{"id":31649,"href":"https:\/\/it.andersen.com\/en\/wp-json\/wp\/v2\/pages\/31201\/revisions\/31649"}],"up":[{"embeddable":true,"href":"https:\/\/it.andersen.com\/en\/wp-json\/wp\/v2\/pages\/6064"}],"wp:attachment":[{"href":"https:\/\/it.andersen.com\/en\/wp-json\/wp\/v2\/media?parent=31201"}],"curies":[{"name":"wp","href":"https:\/\/api.w.org\/{rel}","templated":true}]}}